{"id":458,"date":"2022-10-12T07:04:00","date_gmt":"2022-10-12T07:04:00","guid":{"rendered":"https:\/\/innoplattform.bio\/?page_id=458"},"modified":"2024-10-21T05:54:42","modified_gmt":"2024-10-21T05:54:42","slug":"impressum","status":"publish","type":"page","link":"https:\/\/innoplattform.bio\/fr\/impressum\/","title":{"rendered":"Impressum"},"content":{"rendered":"<div class=\"wpb-content-wrapper\"><p>[vc_row css_animation=\u00a0\u00bb\u00a0\u00bb row_type=\u00a0\u00bbrow\u00a0\u00bb use_row_as_full_screen_section=\u00a0\u00bbno\u00a0\u00bb type=\u00a0\u00bbfull_width\u00a0\u00bb angled_section=\u00a0\u00bbno\u00a0\u00bb text_align=\u00a0\u00bbleft\u00a0\u00bb background_image_as_pattern=\u00a0\u00bbwithout_pattern\u00a0\u00bb z_index=\u00a0\u00bb\u00a0\u00bb][vc_column][vc_row_inner row_type=\u00a0\u00bbrow\u00a0\u00bb type=\u00a0\u00bbgrid\u00a0\u00bb text_align=\u00a0\u00bbleft\u00a0\u00bb css_animation=\u00a0\u00bb\u00a0\u00bb css=\u00a0\u00bb.vc_custom_1665558737523{padding-top: 88px !important;}\u00a0\u00bb anchor=\u00a0\u00bbkompetenz\u00a0\u00bb][vc_column_inner offset=\u00a0\u00bbvc_col-lg-6 vc_col-md-6&Prime;][qode_elements_holder number_of_columns=\u00a0\u00bbone_column\u00a0\u00bb][qode_elements_holder_item advanced_animations=\u00a0\u00bbno\u00a0\u00bb item_padding=\u00a0\u00bb49px 88px 0 0&Prime; item_padding_1280_1440=\u00a0\u00bb18px 23px 0 0&Prime; item_padding_1024_1280=\u00a0\u00bb0 0 0 0&Prime; item_padding_600_768=\u00a0\u00bb0px 88px 48px 0&Prime; item_padding_480=\u00a0\u00bb0px 0px 36px 0&Prime;][vc_column_text]<\/p>\n<h1>Responsable<\/h1>\n<p>[\/vc_column_text][vc_empty_space height=\u00a0\u00bb22px\u00a0\u00bb][vc_column_text]Innoplattform.bio GmbH<br \/>\nTreitenstrasse 2<br \/>\n3210 Kerzers[\/vc_column_text][vc_empty_space height=\u00a0\u00bb12px\u00a0\u00bb][vc_column_text]+41 31 755 60 41<br \/>\n<a href=\"m&#97;&#105;&#x6c;&#x74;&#x6f;:&#105;&#110;&#x66;&#x6f;&#x40;in&#110;&#x6f;&#x70;&#x6c;at&#116;&#102;&#x6f;&#x72;&#x6d;&#46;&#98;&#105;&#x6f;\">&#x69;n&#x66;&#111;&#64;&#x69;&#110;&#x6e;&#x6f;p&#x6c;&#97;t&#x74;&#102;&#x6f;&#114;m&#x2e;&#98;i&#x6f;<\/a>[\/vc_column_text][vc_empty_space height=\u00a0\u00bb12px\u00a0\u00bb][vc_column_text]Innoplattform Bio appartient \u00e0 parts \u00e9gales aux producteurs, \u00e0 Seeland Bio et \u00e0 Terraviva. La direction est choisie par les soci\u00e9taires.[\/vc_column_text][vc_empty_space height=\u00a0\u00bb42px\u00a0\u00bb][\/qode_elements_holder_item][\/qode_elements_holder][\/vc_column_inner][vc_column_inner offset=\u00a0\u00bbvc_col-lg-6 vc_col-md-6&Prime;][vc_single_image image=\u00a0\u00bb408&Prime; img_size=\u00a0\u00bbfull\u00a0\u00bb qode_css_animation=\u00a0\u00bb\u00a0\u00bb][\/vc_column_inner][\/vc_row_inner][\/vc_column][\/vc_row][vc_row css_animation=\u00a0\u00bb\u00a0\u00bb row_type=\u00a0\u00bbrow\u00a0\u00bb use_row_as_full_screen_section=\u00a0\u00bbno\u00a0\u00bb type=\u00a0\u00bbfull_width\u00a0\u00bb angled_section=\u00a0\u00bbno\u00a0\u00bb text_align=\u00a0\u00bbleft\u00a0\u00bb background_image_as_pattern=\u00a0\u00bbwithout_pattern\u00a0\u00bb css=\u00a0\u00bb.vc_custom_1665558708074{padding-top: 2% !important;padding-bottom: 2% !important;}\u00a0\u00bb z_index=\u00a0\u00bb\u00a0\u00bb][vc_column][vc_separator type=\u00a0\u00bbnormal\u00a0\u00bb color=\u00a0\u00bb#e8e8e8&Prime; thickness=\u00a0\u00bb1&Prime;][\/vc_column][\/vc_row][vc_row css_animation=\u00a0\u00bb\u00a0\u00bb row_type=\u00a0\u00bbrow\u00a0\u00bb use_row_as_full_screen_section=\u00a0\u00bbno\u00a0\u00bb type=\u00a0\u00bbgrid\u00a0\u00bb angled_section=\u00a0\u00bbno\u00a0\u00bb text_align=\u00a0\u00bbleft\u00a0\u00bb background_image_as_pattern=\u00a0\u00bbwithout_pattern\u00a0\u00bb z_index=\u00a0\u00bb\u00a0\u00bb][vc_column][vc_column_text]<\/p>\n<h1>Droits d\u2019auteur &amp; cr\u00e9dit photo<\/h1>\n<p>[\/vc_column_text][vc_empty_space height=\u00a0\u00bb12px\u00a0\u00bb][vc_column_text]Les contenus, documents et \u0153uvres r\u00e9alis\u00e9s et mis \u00e0 disposition sur ce site internet par l\u2019exploitant sont soumis au droit d\u2019auteur (copyright). Le t\u00e9l\u00e9chargement, l\u2019impression et l\u2019enregistrement de donn\u00e9es de ce site pour un usage exclusivement priv\u00e9 est autoris\u00e9. Une utilisation d\u00e9passant l\u2019usage priv\u00e9 n\u00e9cessite notre consentement explicite. Dans la mesure o\u00f9 des contenus de ce site n\u2019ont pas \u00e9t\u00e9 r\u00e9alis\u00e9s par l\u2019exploitant, il faut tenir compte des droits d\u2019auteur de tiers. Les contenus de tiers sont signal\u00e9s comme tels.<\/p>\n<p>S\u2019il n\u2019y a pas d\u2019autres indications\u00a0: Photos \u00a9 Innoplattform Bio[\/vc_column_text][vc_empty_space height=\u00a0\u00bb42px\u00a0\u00bb][\/vc_column][\/vc_row][vc_row css_animation=\u00a0\u00bb\u00a0\u00bb row_type=\u00a0\u00bbrow\u00a0\u00bb use_row_as_full_screen_section=\u00a0\u00bbno\u00a0\u00bb type=\u00a0\u00bbfull_width\u00a0\u00bb angled_section=\u00a0\u00bbno\u00a0\u00bb text_align=\u00a0\u00bbleft\u00a0\u00bb background_image_as_pattern=\u00a0\u00bbwithout_pattern\u00a0\u00bb css=\u00a0\u00bb.vc_custom_1665558708074{padding-top: 2% !important;padding-bottom: 2% !important;}\u00a0\u00bb z_index=\u00a0\u00bb\u00a0\u00bb][vc_column][vc_separator type=\u00a0\u00bbnormal\u00a0\u00bb color=\u00a0\u00bb#e8e8e8&Prime; thickness=\u00a0\u00bb1&Prime;][\/vc_column][\/vc_row][vc_row css_animation=\u00a0\u00bb\u00a0\u00bb row_type=\u00a0\u00bbrow\u00a0\u00bb use_row_as_full_screen_section=\u00a0\u00bbno\u00a0\u00bb type=\u00a0\u00bbgrid\u00a0\u00bb angled_section=\u00a0\u00bbno\u00a0\u00bb text_align=\u00a0\u00bbleft\u00a0\u00bb background_image_as_pattern=\u00a0\u00bbwithout_pattern\u00a0\u00bb z_index=\u00a0\u00bb\u00a0\u00bb css=\u00a0\u00bb.vc_custom_1665558855916{padding-bottom: 4% !important;}\u00a0\u00bb][vc_column][vc_column_text]<\/p>\n<h1>R\u00e9alisation site internet<\/h1>\n<p>[\/vc_column_text][vc_empty_space height=\u00a0\u00bb12px\u00a0\u00bb][vc_column_text]Ce site internet a \u00e9t\u00e9 r\u00e9alis\u00e9 avec CMS WordPress.<br \/>\nConception et mise en \u0153uvre\u00a0: \/\u00a0<a href=\"https:\/\/grimm.as-one.ch\" target=\"_blank\" rel=\"noopener\">https:\/\/grimm.as-one.ch<\/a>[\/vc_column_text][vc_empty_space height=\u00a0\u00bb42px\u00a0\u00bb][\/vc_column][\/vc_row]<\/p>\n<\/div>","protected":false},"excerpt":{"rendered":"<p>[vc_row css_animation=\u00a0\u00bb\u00a0\u00bb row_type=\u00a0\u00bbrow\u00a0\u00bb use_row_as_full_screen_section=\u00a0\u00bbno\u00a0\u00bb type=\u00a0\u00bbfull_width\u00a0\u00bb angled_section=\u00a0\u00bbno\u00a0\u00bb text_align=\u00a0\u00bbleft\u00a0\u00bb background_image_as_pattern=\u00a0\u00bbwithout_pattern\u00a0\u00bb z_index=\u00a0\u00bb\u00a0\u00bb][vc_column][vc_row_inner row_type=\u00a0\u00bbrow\u00a0\u00bb type=\u00a0\u00bbgrid\u00a0\u00bb text_align=\u00a0\u00bbleft\u00a0\u00bb css_animation=\u00a0\u00bb\u00a0\u00bb css=\u00a0\u00bb.vc_custom_1665558737523{padding-top: 88px !important;}\u00a0\u00bb anchor=\u00a0\u00bbkompetenz\u00a0\u00bb][vc_column_inner offset=\u00a0\u00bbvc_col-lg-6 vc_col-md-6&Prime;][qode_elements_holder number_of_columns=\u00a0\u00bbone_column\u00a0\u00bb][qode_elements_holder_item advanced_animations=\u00a0\u00bbno\u00a0\u00bb item_padding=\u00a0\u00bb49px 88px 0 0&Prime; item_padding_1280_1440=\u00a0\u00bb18px 23px 0 0&Prime; item_padding_1024_1280=\u00a0\u00bb0 0 0 0&Prime; item_padding_600_768=\u00a0\u00bb0px 88px 48px 0&Prime; item_padding_480=\u00a0\u00bb0px 0px 36px 0&Prime;][vc_column_text] Responsable [\/vc_column_text][vc_empty_space height=\u00a0\u00bb22px\u00a0\u00bb][vc_column_text]Innoplattform.bio GmbH&#8230;<\/p>\n","protected":false},"author":1,"featured_media":0,"parent":0,"menu_order":0,"comment_status":"closed","ping_status":"closed","template":"full_width.php","meta":{"footnotes":""},"yoast_head":"<!-- This site is optimized with the Yoast SEO plugin v22.2 - https:\/\/yoast.com\/wordpress\/plugins\/seo\/ -->\n<title>Impressum - Innoplattform Bio<\/title>\n<meta name=\"description\" content=\"Responsable: Innoplattform.bio, GmbH, Moosgasse 34, 3210 Kerzers, +41 31 755 60 41, info@innoplattform.bio\" \/>\n<meta name=\"robots\" content=\"index, follow, max-snippet:-1, max-image-preview:large, max-video-preview:-1\" \/>\n<link rel=\"canonical\" href=\"https:\/\/innoplattform.bio\/fr\/impressum\/\" \/>\n<meta property=\"og:locale\" content=\"fr_FR\" \/>\n<meta property=\"og:type\" content=\"article\" \/>\n<meta property=\"og:title\" content=\"Impressum - Innoplattform Bio\" \/>\n<meta property=\"og:description\" content=\"Responsable: Innoplattform.bio, GmbH, Moosgasse 34, 3210 Kerzers, +41 31 755 60 41, info@innoplattform.bio\" \/>\n<meta property=\"og:url\" content=\"https:\/\/innoplattform.bio\/fr\/impressum\/\" \/>\n<meta property=\"og:site_name\" content=\"Innoplattform Bio\" \/>\n<meta property=\"article:modified_time\" content=\"2024-10-21T05:54:42+00:00\" \/>\n<meta name=\"twitter:card\" content=\"summary_large_image\" \/>\n<meta name=\"twitter:label1\" content=\"Dur\u00e9e de lecture estim\u00e9e\" \/>\n\t<meta name=\"twitter:data1\" content=\"2 minutes\" \/>\n<script type=\"application\/ld+json\" class=\"yoast-schema-graph\">{\"@context\":\"https:\/\/schema.org\",\"@graph\":[{\"@type\":\"WebPage\",\"@id\":\"https:\/\/innoplattform.bio\/fr\/impressum\/\",\"url\":\"https:\/\/innoplattform.bio\/fr\/impressum\/\",\"name\":\"Impressum - Innoplattform Bio\",\"isPartOf\":{\"@id\":\"https:\/\/innoplattform.bio\/fr\/#website\"},\"datePublished\":\"2022-10-12T07:04:00+00:00\",\"dateModified\":\"2024-10-21T05:54:42+00:00\",\"description\":\"Responsable: Innoplattform.bio, GmbH, Moosgasse 34, 3210 Kerzers, +41 31 755 60 41, info@innoplattform.bio\",\"breadcrumb\":{\"@id\":\"https:\/\/innoplattform.bio\/fr\/impressum\/#breadcrumb\"},\"inLanguage\":\"fr-FR\",\"potentialAction\":[{\"@type\":\"ReadAction\",\"target\":[\"https:\/\/innoplattform.bio\/fr\/impressum\/\"]}]},{\"@type\":\"BreadcrumbList\",\"@id\":\"https:\/\/innoplattform.bio\/fr\/impressum\/#breadcrumb\",\"itemListElement\":[{\"@type\":\"ListItem\",\"position\":1,\"name\":\"Startseite\",\"item\":\"https:\/\/innoplattform.bio\/fr\/\"},{\"@type\":\"ListItem\",\"position\":2,\"name\":\"Impressum\"}]},{\"@type\":\"WebSite\",\"@id\":\"https:\/\/innoplattform.bio\/fr\/#website\",\"url\":\"https:\/\/innoplattform.bio\/fr\/\",\"name\":\"Innoplattform Bio\",\"description\":\"Kompetenzzentrum Bioanbau Schweiz\",\"potentialAction\":[{\"@type\":\"SearchAction\",\"target\":{\"@type\":\"EntryPoint\",\"urlTemplate\":\"https:\/\/innoplattform.bio\/fr\/?s={search_term_string}\"},\"query-input\":\"required name=search_term_string\"}],\"inLanguage\":\"fr-FR\"}]}<\/script>\n<!-- \/ Yoast SEO plugin. -->","yoast_head_json":{"title":"Impressum - Innoplattform Bio","description":"Responsable: Innoplattform.bio, GmbH, Moosgasse 34, 3210 Kerzers, +41 31 755 60 41, info@innoplattform.bio","robots":{"index":"index","follow":"follow","max-snippet":"max-snippet:-1","max-image-preview":"max-image-preview:large","max-video-preview":"max-video-preview:-1"},"canonical":"https:\/\/innoplattform.bio\/fr\/impressum\/","og_locale":"fr_FR","og_type":"article","og_title":"Impressum - Innoplattform Bio","og_description":"Responsable: Innoplattform.bio, GmbH, Moosgasse 34, 3210 Kerzers, +41 31 755 60 41, info@innoplattform.bio","og_url":"https:\/\/innoplattform.bio\/fr\/impressum\/","og_site_name":"Innoplattform Bio","article_modified_time":"2024-10-21T05:54:42+00:00","twitter_card":"summary_large_image","twitter_misc":{"Dur\u00e9e de lecture estim\u00e9e":"2 minutes"},"schema":{"@context":"https:\/\/schema.org","@graph":[{"@type":"WebPage","@id":"https:\/\/innoplattform.bio\/fr\/impressum\/","url":"https:\/\/innoplattform.bio\/fr\/impressum\/","name":"Impressum - Innoplattform Bio","isPartOf":{"@id":"https:\/\/innoplattform.bio\/fr\/#website"},"datePublished":"2022-10-12T07:04:00+00:00","dateModified":"2024-10-21T05:54:42+00:00","description":"Responsable: Innoplattform.bio, GmbH, Moosgasse 34, 3210 Kerzers, +41 31 755 60 41, info@innoplattform.bio","breadcrumb":{"@id":"https:\/\/innoplattform.bio\/fr\/impressum\/#breadcrumb"},"inLanguage":"fr-FR","potentialAction":[{"@type":"ReadAction","target":["https:\/\/innoplattform.bio\/fr\/impressum\/"]}]},{"@type":"BreadcrumbList","@id":"https:\/\/innoplattform.bio\/fr\/impressum\/#breadcrumb","itemListElement":[{"@type":"ListItem","position":1,"name":"Startseite","item":"https:\/\/innoplattform.bio\/fr\/"},{"@type":"ListItem","position":2,"name":"Impressum"}]},{"@type":"WebSite","@id":"https:\/\/innoplattform.bio\/fr\/#website","url":"https:\/\/innoplattform.bio\/fr\/","name":"Innoplattform Bio","description":"Kompetenzzentrum Bioanbau Schweiz","potentialAction":[{"@type":"SearchAction","target":{"@type":"EntryPoint","urlTemplate":"https:\/\/innoplattform.bio\/fr\/?s={search_term_string}"},"query-input":"required name=search_term_string"}],"inLanguage":"fr-FR"}]}},"_links":{"self":[{"href":"https:\/\/innoplattform.bio\/fr\/wp-json\/wp\/v2\/pages\/458"}],"collection":[{"href":"https:\/\/innoplattform.bio\/fr\/wp-json\/wp\/v2\/pages"}],"about":[{"href":"https:\/\/innoplattform.bio\/fr\/wp-json\/wp\/v2\/types\/page"}],"author":[{"embeddable":true,"href":"https:\/\/innoplattform.bio\/fr\/wp-json\/wp\/v2\/users\/1"}],"replies":[{"embeddable":true,"href":"https:\/\/innoplattform.bio\/fr\/wp-json\/wp\/v2\/comments?post=458"}],"version-history":[{"count":3,"href":"https:\/\/innoplattform.bio\/fr\/wp-json\/wp\/v2\/pages\/458\/revisions"}],"predecessor-version":[{"id":491,"href":"https:\/\/innoplattform.bio\/fr\/wp-json\/wp\/v2\/pages\/458\/revisions\/491"}],"wp:attachment":[{"href":"https:\/\/innoplattform.bio\/fr\/wp-json\/wp\/v2\/media?parent=458"}],"curies":[{"name":"wp","href":"https:\/\/api.w.org\/{rel}","templated":true}]}}